{"id":3,"date":"2023-05-29T12:42:41","date_gmt":"2023-05-29T10:42:41","guid":{"rendered":"https:\/\/promo.zepter.rs\/zdravocista-voda\/?page_id=3"},"modified":"2023-06-05T15:59:13","modified_gmt":"2023-06-05T13:59:13","slug":"politika-privatnosti","status":"publish","type":"page","link":"https:\/\/promo.zepter.rs\/zdravocista-voda\/politika-privatnosti\/","title":{"rendered":"Politika privatnosti"},"content":{"rendered":"<p>ZEPTER INTERNATIONAL d.o.o. shvata privatnost podataka veoma ozbiljno i \u017eeli da budete upoznati kako mi prikupljamo, koristimo i otkrivamo informacije. Ovom Politikom privatnosti definisano je kako Zepter International d.o.o., kao rukovalac u smislu Zakona o za\u0161titi podataka li\u010dnosti, sakuplja i obra\u0111uje podatke o li\u010dnosti i druge informacije o korisnicima koje smo prikupili mi ili na\u0161i pru\u017eaoci usluga preko Vebsajta ili Mobilne aplikacije (Vebsajt i Mobilna aplikacija zajedno u daljem tekstu: Sajt). Dostavljanjem li\u010dnih podataka ili kori\u0161\u0107enjem Sajta, prihvatate uslove ove Politike privatnosti.<\/p>\n<p><strong>Kategorije podataka o li\u010dnosti i svrhe obrade<\/strong><\/p>\n<p>Na\u0161 Sajt mo\u017eete koristiti anonimno bez davanja bilo kakvih podataka o li\u010dnosti. U tom slu\u010daju, Zepter \u0107e prikupljati samo slede\u0107e podatke na osnovu Va\u0161eg kori\u0161\u0107enja istih:<\/p>\n<p>Stranicu sa koje ste do\u0161li do na\u0161eg Sajta, datum i vreme pristupa, koli\u010dinu prenetih podataka, status prenosa, tip web-pretra\u017eiva\u010da, IP adresu, operativni sistem i interfejs, jezik i verziju softvera pretra\u017eiva\u010da.<\/p>\n<p>Va\u0161a IP adresa \u0107e se koristiti kako bi Vam se omogu\u0107io pristup na\u0161em Sajtu.<\/p>\n<p>Podaci, uklju\u010duju\u0107i i IP adresu koristi\u0107e se za pobolj\u0161anje kvaliteta i usluga na na\u0161em Sajtu analiziranjem potreba i interesovanja na\u0161ih korisnika.<\/p>\n<p>Korisni\u010dki nalog<\/p>\n<p>Ako kreirate nalog na na\u0161em Sajtu, mo\u017eda \u0107e biti tra\u017eeno da date Va\u0161e podatke o li\u010dnosti, kao \u0161to su: ime i prezime, po\u0161tansku adresu, imejl adresu, odabranu lozinku, broj telefona, podatke o ra\u010dunu u banci, podatke o debitnoj\/kreditnoj kartici, adresu za fakturisanje i isporuku, interesovanja za odre\u0111ene proizvode\/usluge, zahtev za primanje marketin\u0161kih imejlova. Zepter obra\u0111uje takve podatke o li\u010dnosti kako bismo Vam pru\u017eili funkcionalnosti naloga, kako bismo Vam dostavljali marketin\u0161ke materijale u meri u kojoj je to dozvoljeno merodavnim propisima i radi analize Va\u0161ih interesovanja u marketin\u0161ke svrhe.<\/p>\n<p>BizzClub<\/p>\n<p>Ako pristupate \u010dlanstvu BizzClub preko na\u0161eg Sajta, u kome je \u010dlanstvo besplatno, mo\u017eda \u0107e biti tra\u017eeno da date Va\u0161e podatke o li\u010dnosti, kao \u0161to su: ime i prezime, po\u0161tansku adresu, imejl adresu, odabranu lozinku, broj telefona, interesovanja za odre\u0111ene proizvode\/usluge, zahtev za primanje marketin\u0161kih imejlova. Zepter obra\u0111uje takve podatke o li\u010dnosti kako bismo Vam pru\u017eili funkcionalnosti kao \u010dlanu BizzClub , kako bismo Vam dostavljali aktuelne informacije i benefite kao i marketin\u0161ke materijale u meri u kojoj je to dozvoljeno merodavnim propisima i radi analize Va\u0161ih interesovanja u marketin\u0161ke svrhe.<\/p>\n<p>Poru\u010divanje proizvoda<\/p>\n<p>Ako poru\u010dite neki proizvod preko na\u0161eg Sajta, Zepter sakuplja i obra\u0111uje slede\u0107e Va\u0161e\u00a0 podatke o li\u010dnosti: podatke o Va\u0161em nalogu, vrsti i koli\u010dini proizvoda, kupoprodajnoj ceni, datumu porud\u017ebine, statusu porud\u017ebine, uslovima vra\u0107anja proizvoda, zahtevima za za\u0161titu potro\u0161a\u010da. Zepter obra\u0111uje takve podatke o li\u010dnosti za potrebe realizacije ugovornog odnosa i porud\u017ebine proizvoda, pru\u017eanja usluga za\u0161tite potro\u0161a\u010da, usagla\u0161avanja sa zakonskim obavezama, odbrane, ostvarivanja i sprovo\u0111enja pravnih zahteva i marketinga u skladu s potrebama i interesovanjima korisnika.<\/p>\n<p>Nagradne igre i kvizovi znanja:<\/p>\n<p>Ako u\u010destvujete u nekoj Zepter nagradnoj igri ili Zepter kvizu znanja, Zepter prikuplja i obra\u0111uje slede\u0107e Va\u0161e podatke o li\u010dnosti: ime i prezime, po\u0161tansku adresu, imejl adresu, datum u\u010de\u0161\u0107a, izbor pobednika, nagradu, odgovore u kvizu. Zepter obra\u0111uje takve podatke o li\u010dnosti za potrebe realizacije nagradne igre, obave\u0161tavanja pobednika, dostavljanja nagrade pobedniku, realizacije doga\u0111aja i marketinga.<\/p>\n<p><strong>Tre\u0107e strane<\/strong><\/p>\n<p>Prenos pru\u017eaocima usluga<\/p>\n<p>Zepter mo\u017ee anga\u017eovati eksterne pru\u017eaoce usluga, koji nastupaju kao obra\u0111iva\u010di podataka za Zepter, za pru\u017eanje odre\u0111enih usluga Zepteru, kao \u0161to su pru\u017eaoci usluga vezanih za Sajt, pru\u017eaoci marketin\u0161kih usluga ili pru\u017eaoci usluga IT podr\u0161ke. Prilikom pru\u017eanja takvih usluga, eksterni pru\u017eaoci usluga mogu imati pristup i\/ili obra\u0111ivati Va\u0161e podatke o li\u010dnosti.<\/p>\n<p>Zepter zahteva od tih eksternih pru\u017eaoca usluga da spovode i primenjuju mere za\u0161tite kako bi obezbedili privatnost i bezbednost Va\u0161ih podataka o li\u010dnosti.<\/p>\n<p>Ostali primaoci<\/p>\n<p>Zepter mo\u017ee preneti \u2013 u saglasnosti s merodavnim propisima o za\u0161titi podataka &#8211; podatke o li\u010dnosti organima za sprovo\u0111enje zakona, dr\u017eavnim organima, pravnim savetnicima, eksternim konsultantima ili poslovnim partnerima. U slu\u010daju spajanja, pripajanja ili preuzimanja, podaci o li\u010dnosti mogu se preneti tre\u0107im licima koja u\u010destvuju u postupku spajanja, pripajanja ili preuzimanja.<\/p>\n<p>Prekograni\u010dni transfer<\/p>\n<p>Va\u0161i li\u010dni podaci mogu da se skladi\u0161te i obra\u0111uju u bilo kojoj dr\u017eavi u kojoj imamo poslovne kapacitete ili pru\u017eaoce usluga, koristec\u0301i na\u0161 Sajt ili davanjem saglasnosti (gde je to potrebno u skladu sa zakonom), pristajete na transfer informacija u dr\u017eave van svoje dr\u017eave prebivali\u0161ta, uklju\u010dujuc\u0301i Sjedinjene Ameri\u010dke Dr\u017eave, u kojima mogu da va\u017ee druga\u010dija pravila u vezi za\u0161tite podataka o li\u010dnosti od onih u va\u0161oj dr\u017eavi.<\/p>\n<p><strong>Pravni osnov za obradu<\/strong><\/p>\n<p>Obradu Va\u0161ih podataka o li\u010dnosti mo\u017eemo zasnivati na slede\u0107im pravnim osnovima:<\/p>\n<p>&#8211; Dali ste pristanak na obradu Va\u0161ih podataka u jednu ili vi\u0161e konkretnih svrha;<\/p>\n<p>&#8211; Obrada je potrebna za realizaciju ugovora u kojem ste jedna od strana ili radi preduzimanja koraka, na Va\u0161 zahtev, a pre zaklju\u010divanja ugovora;<\/p>\n<p>&#8211; Obrada je potrebna radi usagla\u0161avanja sa zakonskim obavezama kojima podle\u017eemo;<\/p>\n<p>&#8211; Obrada je potrebna za izvr\u0161enje zadataka koji se vr\u0161e u javnom interesu ili u okviru sprovo\u0111enja zvani\u010dnih ovla\u0161\u0107enja koja su nam dodeljena;<\/p>\n<p>&#8211; Obrada je potrebna radi legitimnih interesa koje nastojimo da za\u0161titimo mi ili tre\u0107a strana, osim kad nad takvim interesima prete\u017eu Va\u0161i interesi ili fundamentalna prava i slobode koja zahtevaju za\u0161titu podataka o li\u010dnosti, naro\u010dito ako ste dete;<\/p>\n<p>&#8211; Ostali merodavni pravni osnovi za obradu podataka, naro\u010dito odredbe u zakonima zemalja \u010dlanica;<\/p>\n<p>Dostavljanje Va\u0161ih podataka o li\u010dnosti zahteva se zakonskim ili ugovornim obavezama ili je potrebno kako bi se stupilo u ugovor s nama ili kako biste primili na\u0161e usluge\/proizvode koje ste zahtevali ili ste jednostavno dobrovoljno tako odlu\u010dili.<\/p>\n<p>Nedostavljanje Va\u0161ih podataka o li\u010dnosti mo\u017ee dovesti do nepovoljnih aspekata za Vas, npr. ne\u0107ete mo\u0107i da primate odre\u0111ene proizvode i usluge, ostvarite benefite. Me\u0111utim, osim ukoliko se ne navodi druga\u010dije, nepru\u017eanje Va\u0161ih podataka o li\u010dnosti ne povla\u010di sa sobom pravne posledice po Vas.<\/p>\n<p><strong>Naro\u010dito osetljive informacije<\/strong><\/p>\n<p>Osim ako to izri\u010dito tra\u017eimo, molimo vas da nam ne dostavljate ili otkrivate bilo koje naro\u010dito osetljive podatke o li\u010dnosti (npr. podatke u vezi rasnog ili etni\u010dkog porekla, politi\u010dkih uverenja, vere ili drugih ube\u0111enja, zdravstvenog stanja, krivi\u010dne istorije ili \u010dlanstva u sindikatu) ili preko Sajta ili na drugi na\u010din. U slu\u010daju da od vas zatra\u017eimo ili vas pozovemo da nam dostavite naro\u010dito osetljive podatke o li\u010dnosti mi c\u0301emo to u\u010diniti uz va\u0161u izri\u010ditu saglasnost.<\/p>\n<p><strong>Privatnost podataka li\u010dnosti o detetu<\/strong><\/p>\n<p>Mi ne prikupljamo podatke i informacije od osoba mla\u0111ih od 18 godina. Na\u0161 sajt, proizvodi i usluge su usmereni ka osobama od 18 i vi\u0161e godina starosti.<\/p>\n<p><strong>Koja prava imate i kako mo\u017eete da ih iskoristite?<\/strong><\/p>\n<p>Ako ste dali pristanak na odre\u0111eno prikupljanje, obradu i kori\u0161\u0107enje Va\u0161ih podataka o li\u010dnosti, mo\u017eete opozvati taj pristanak u bilo kom trenutku, sa dejstvom za ubudu\u0107e. Zatim, mo\u017eete se suprotstaviti kori\u0161\u0107enju Va\u0161ih podataka o li\u010dnosti za potrebe marketinga bez ikakvih tro\u0161kova, sem tro\u0161kova prenosa u skladu s osnovnim tarifama.<\/p>\n<p>Prema merodavnim propisima o za\u0161titi podataka, imate pravo (i) da tra\u017eite uvid u svoje podatke o li\u010dnosti, (ii) da tra\u017eite ispravku Va\u0161ih podataka o li\u010dnosti, (iii) da tra\u017eite brisanje Va\u0161ih podataka o li\u010dnosti, (iv) da tra\u017eite ograni\u010davanje obrade Va\u0161ih podataka o li\u010dnosti, (v) da tra\u017eite prenosivost podataka, (vi) da prigovorite obradi Va\u0161ih podataka o li\u010dnosti (uklju\u010duju\u0107i i prigovaranje profilisanju) i (vi) da se suprotstavite automatizovanom odlu\u010divanju (uklju\u010duju\u0107i i profilisanje).<\/p>\n<p>Kako biste iskoristili svoja prava, kontaktirajte nas na na\u010din naveden u Odeljku 7 (Kontaktirajte nas) ispod.<\/p>\n<p>U slu\u010daju prigovora, imate i pravo da ulo\u017eite \u017ealbu nadle\u017enom nadzornom organu za za\u0161titu podataka.<\/p>\n<p><strong>Koliko \u010duvamo Va\u0161e podatke o li\u010dnosti?<\/strong><\/p>\n<p>Va\u0161i podaci o li\u010dnosti zadr\u017eavaju se sve dok je to potrebno kako bismo Vam mogli dostaviti tra\u017eene usluge i proizvode. Kad se na\u0161 odnos zavr\u0161i, ili \u0107emo obrisati Va\u0161e podatke o li\u010dnosti ili anonimizirati Va\u0161e podatke o li\u010dnosti, osim u slu\u010daju da postoje zakonski zahtevi za zadr\u017eavanje istih (na primer, za potrebe oporezivanja). Mo\u017eemo zadr\u017eati Va\u0161e detalje za kontakt i interesovanje za na\u0161e proizvode ili usluge du\u017ei vremenki period u slu\u010daju da je Zepter dozvoljeno da Vam \u0161alje marketin\u0161ke materijale. Tako\u0111e, merodavno pravo mo\u017ee zahtevati od nas da zadr\u017eimo odre\u0111ene Va\u0161e podatke o li\u010dnosti tokom perioda od 10 godina. Mo\u017eemo zadr\u017eati i Va\u0161e podatke o li\u010dnosti nakon raskida ugovornog odnosa ako su Va\u0161i podaci o li\u010dnosti potrebni radi usagla\u0161avanja s drugim merodavnim zakonima ili ako su nam Va\u0161i podaci o li\u010dnosti potrebni za utvr\u0111ivanje, ostvarivanje ili odbranu pravnih zahteva, samo kada je to neophodno. U meri u kojoj je to mogu\u0107e, ograni\u010di\u0107emo obradu Va\u0161ih podataka o li\u010dnosti u te ograni\u010dene svrhe nakon zavr\u0161etka ugovornog odnosa.<\/p>\n<p><strong>Kola\u010di\u0107i i druge tehnologije pra\u0107enja<\/strong><\/p>\n<p>Na\u0161 Sajt koristi kola\u010di\u0107e. \u201eKOLA\u010cI\u0106\u201c je mala tekstualna datoteka koja se mo\u017ee upotrebljavati za prikupljanje podataka o aktivnostima na internet stranici, ali uop\u0161teno nam ne dopu\u0161ta da Vas li\u010dno identifikujemo. Upotreba kola\u010di\u0107a sada je standardni operativni postupak za ve\u0107inu internet stranica. Ve\u0107inu internet pretra\u017eiva\u010da mogu\u0107e je konfigurisati na na\u010din da se onemogu\u0107e kola\u010di\u0107i ili da budete obave\u0161teni pre prihvatanja kola\u010di\u0107a. Ako ne \u017eelite dopustiti kola\u010di\u0107e, neki delovi internet stranice mo\u017eda ne\u0107e pravilno funkcionisati ili bi od Vas moglo biti zatra\u017eeno da ponovo unesete neke li\u010dne podatke (kao \u0161to su ime za prijavu i lozinka) da biste dobili pristup ograni\u010denim delovima internet stranice. Upotreba kola\u010di\u0107a i drugih tehnologija za pra\u0107enje omogu\u0107ava nam da pobolj\u0161amo internet stranice i Va\u0161e iskustvo na internetu i poma\u017ee nam pri br\u017eem otkrivanju i re\u0161avanju mogu\u0107ih pote\u0161ko\u0107a. Tako\u0111e mo\u017eemo analizirati informacije koje ne sadr\u017ee li\u010dne podatke u svrhu pra\u0107enja trendova i statisti\u010dkih podataka. Zadr\u017eavamo pravo povremenog dodavanja, uklanjanja ili menjanja kola\u010di\u0107a koje upotrebljava internet stranica, ali ako se kola\u010di\u0107i znatno razlikuju od onoga \u0161to je gore navedeno, o tome \u0107emo Vas obavestiti.<\/p>\n<p><strong>Upotreba Google Analytics i Google AdWords<\/strong><\/p>\n<p>Na\u0161 Sajt koristi Google Analytics, analiti\u010dku uslugu kompanije Google Inc. (\u201eGoogle\u201c). Google Analytics koristi \u2019kola\u010di\u0107e\u2019, koji analiziraju va\u0161e kori\u0161\u0107enje sajta. Informacije iz \u2019kola\u010di\u0107a\u2019 o va\u0161em kori\u0161\u0107enju sajta obi\u010dno se prenose na Google server u SAD i tamo se \u010duvaju. U slu\u010daju pretvaranja IP adrese u anonimnu na ovom sajtu, va\u0161a IP adresa \u0107e biti skra\u0107ena unutar zemalja-\u010dlanica Evropske unije ili druge strane u ovom Sporazumu u zoni Evropske ekonomske zajednice. Puna IP adresa bi\u0107e preneta na Google server u SAD i skra\u0107ena samo u izuzetnim slu\u010dajevima. Po nalogu administratora sajta, Google \u0107e koristiti ove informacije za procenu va\u0161eg kori\u0161\u0107enja sajta, pripremu izve\u0161taja o aktivnostima na sajtu i pru\u017eanje usluga vezanih za sajt i internet administratoru sajta. Va\u0161a IP adresa ne\u0107e biti povezana sa ostalim podacima Googla. Mo\u017eete odbiti da koristite \u2019kola\u010di\u0107e\u2019 tako \u0161to \u0107ete uneti odgovaraju\u0107e izmene u softver va\u0161eg pretra\u017eiva\u010da; me\u0111utim, u tom slu\u010daju ne\u0107ete mo\u0107i da u punom obimu koristite sve prednosti sajta. Tako\u0111e, mo\u017eete spre\u010diti prikupljanje podataka iz \u2019kola\u010di\u0107a\u2019 o va\u0161em kori\u0161\u0107enju sajta (uklju\u010duju\u0107i va\u0161u IP adresu) i obradu ovih podataka od strane Googla tako \u0161to \u0107ete preuzeti i instalirati plug-in za pretra\u017eiva\u010d na slede\u0107em linku: https:\/\/tools.google.com\/dlpage\/gaoptout. Google Analytics \u0161ifra na ovom sajtu pro\u0161irena je na &#8216;gat._anonymizeIp ();&#8217;. Na taj na\u010din obezbe\u0111ujemo anonimno prikupljanje IP adresa (tzv. IP maskiranje). Google AdWords Remarketing koristimo za ogla\u0161avanje putem interneta. Zahvaljuju\u0107i &#8216;kola\u010di\u0107u&#8217; koji postavlja u va\u0161 ra\u010dunar, AdWords Remarketing \u0107e vam prikazati relevantne oglase na osnovu toga koje delove Zepter sajta ste gledali. Ovaj &#8216;kola\u010di\u0107&#8217; ni na koji na\u010din ne otkriva va\u0161e identifikacione podatke i ne daje pristup va\u0161em ra\u010dunaru. Google AdWords Remarketing nam omogu\u0107ava da marketing bolje prilagodimo va\u0161im potrebama i da prika\u017eemo samo oglase koji su za vas relevantni. Ukoliko ne \u017eelite da u\u010destvujete u na\u0161em Google AdWords Remarketingu, mo\u017eete otkazati putem stranice Google&#8217;s Ads Preferences Manager.<\/p>\n<p><strong>Upotreba Facebooka, plug-in za Google +1, Twittera, ostalih dru\u0161tvenih medija<\/strong><\/p>\n<p>U na\u0161 internet sajt uklju\u010dili smo tzv. plug-in za dru\u0161tvene mre\u017ee facebook.com (u daljem tekstu \u201eFacebook\u201c), Google, Twitter itd. Kada posetite na\u0161u veb stranicu, koja ima takav plug-in, pretra\u017eiva\u010d koji koristite preuzima vizualni prikaz plug-ina sa Facebooka, Google +1 itd. servera. Na taj na\u010din \u0107e serveri biti obave\u0161teni da ste upravo posetili veb stranicu na\u0161eg sajta. Ako ste se prijavili na Facebook, Google +1, platforma \u0107e preko plug-ina prepoznati koju veb stranicu na\u0161eg sajta pose\u0107ujete i poveza\u0107e je sa va\u0161im li\u010dnim nalogom na Facebooku, Google +1 itd. Ako kliknete \u201cLike\u201d (\u201cSvi\u0111a mi se\u201d), \u201c+1\u201d ili sli\u010dno dugme na platformama dru\u0161tvenih medija ili date komentar, plug-in \u0107e poslati ove podatke na va\u0161 li\u010dni nalog na Facebooku, Google +1 itd. i sa\u010duvati ga tamo. Pored toga, informacija da ste posetili na\u0161 sajt prenosi se na platformu dru\u0161tvenih medija, bez obzira da li ste pritisnuli neki plug-in ili ne. Va\u0161e \u201c+1\u201d preporuke zajedno sa va\u0161im imenom i slikom profila na Google Plusu mogu se pojaviti u rezultatima pretrage ili na va\u0161em Google profilu (kao \u201c+1\u201d jezi\u010dak na va\u0161em Google profilu), ili na drugim sajtovima i oglasima na internetu. Kako biste spre\u010dili prenos i \u010duvanje podataka o vama i va\u0161em surfovanju na Facebooku, odjavite se iz dru\u0161tvenih mre\u017ea pre posete na\u0161em sajtu. Pogledajte na odgovaraju\u0107im internet adresama politike privatnosti kod Facebooka, Google +1, Twittera itd. sa detaljnim informacijama o prikupljanju i kori\u0161\u0107enju podataka. Na na\u0161im sajtovima koristimo &#8216;Facebook tracking pixel&#8217;. To zna\u010di da tre\u0107a lica mogu da koriste &#8216;kola\u010di\u0107e&#8217;, &#8216;web beacon&#8217; i sli\u010dne tehnologije za prikupljanje ili primanje informacija sa na\u0161eg sajta kao i sa drugih mesta na internetu i da koriste te informacije za pru\u017eanje usluga merenja i ciljnog ogla\u0161avanja. Ukoliko \u017eelite da otka\u017eete kori\u0161\u0107enje ovih &#8216;kola\u010di\u0107a&#8217;, posetite stranicu the Digital Advertising Alliance\u2019s consumer choice page.&#8220;<\/p>\n<p><strong>Promene politike privatnosti<\/strong><\/p>\n<p>Mi mo\u017eemo promeniti ovu Politiku privatnosti. Molimo vas da pogledate znak &#8222;Poslednja promena&#8220; na vrhu ove stranice da biste videli kada je ova Politika privatnosti poslednji put promenjena. Sve promene u ovoj Politici privatnosti c\u0301e stupiti na snagu kada objavimo promenjeni tekst na Sajtu. Va\u0161e kori\u0161c\u0301enje Sajta nakon promene Politike privatnosti zna\u010di da ste prihvatili promenjeni tekst Politike privatnosti.<\/p>\n<p><strong>Kontaktarijate nas<\/strong><\/p>\n<p>Ukoliko imate bilo kakvih pitanja u vezi ove Politike privatnosti, mo\u017eete nas kontaktirati putem telefona na (+381) 11 311 32 33, putem Call centra na\u00a00800 234567\u00a0 ili direktno putem email-a na\u00a0customersupport@zepter.rs<\/p>\n","protected":false},"excerpt":{"rendered":"<p>ZEPTER INTERNATIONAL d.o.o. shvata privatnost podataka veoma ozbiljno i \u017eeli da budete upoznati kako mi prikupljamo, koristimo i otkrivamo informacije. Ovom Politikom privatnosti definisano je kako Zepter International d.o.o., kao rukovalac u smislu Zakona o za\u0161titi podataka li\u010dnosti, sakuplja i obra\u0111uje podatke o li\u010dnosti i druge informacije o korisnicima koje smo prikupili mi ili na\u0161i pru\u017eaoci usluga preko Vebsajta ili Mobilne aplikacije (Vebsajt i Mobilna aplikacija zajedno u daljem tekstu: Sajt). Dostavljanjem li\u010dnih podataka ili kori\u0161\u0107enjem Sajta, prihvatate uslove ove Politike privatnosti. Kategorije podataka o li\u010dnosti i svrhe obrade Na\u0161 Sajt mo\u017eete koristiti anonimno bez davanja bilo kakvih podataka o [&hellip;]<\/p>\n","protected":false},"author":4,"featured_media":0,"parent":0,"menu_order":0,"comment_status":"closed","ping_status":"closed","template":"","meta":{"inline_featured_image":false,"footnotes":""},"class_list":["post-3","page","type-page","status-publish","hentry"],"acf":[],"_links":{"self":[{"href":"https:\/\/promo.zepter.rs\/zdravocista-voda\/wp-json\/wp\/v2\/pages\/3","targetHints":{"allow":["GET"]}}],"collection":[{"href":"https:\/\/promo.zepter.rs\/zdravocista-voda\/wp-json\/wp\/v2\/pages"}],"about":[{"href":"https:\/\/promo.zepter.rs\/zdravocista-voda\/wp-json\/wp\/v2\/types\/page"}],"author":[{"embeddable":true,"href":"https:\/\/promo.zepter.rs\/zdravocista-voda\/wp-json\/wp\/v2\/users\/4"}],"replies":[{"embeddable":true,"href":"https:\/\/promo.zepter.rs\/zdravocista-voda\/wp-json\/wp\/v2\/comments?post=3"}],"version-history":[{"count":2,"href":"https:\/\/promo.zepter.rs\/zdravocista-voda\/wp-json\/wp\/v2\/pages\/3\/revisions"}],"predecessor-version":[{"id":393,"href":"https:\/\/promo.zepter.rs\/zdravocista-voda\/wp-json\/wp\/v2\/pages\/3\/revisions\/393"}],"wp:attachment":[{"href":"https:\/\/promo.zepter.rs\/zdravocista-voda\/wp-json\/wp\/v2\/media?parent=3"}],"curies":[{"name":"wp","href":"https:\/\/api.w.org\/{rel}","templated":true}]}}