{"id":22,"date":"2023-05-29T13:20:23","date_gmt":"2023-05-29T11:20:23","guid":{"rendered":"https:\/\/promo.zepter.rs\/zdravocista-voda\/?page_id=22"},"modified":"2026-03-03T10:24:33","modified_gmt":"2026-03-03T09:24:33","slug":"pocetna","status":"publish","type":"page","link":"https:\/\/promo.zepter.rs\/zdravocista-voda\/","title":{"rendered":"Po\u010detna"},"content":{"rendered":"\t\t<div data-elementor-type=\"wp-page\" data-elementor-id=\"22\" class=\"elementor elementor-22\" data-elementor-post-type=\"page\">\n\t\t\t\t<div data-dce-background-overlay-color=\"#1652C900\" class=\"elementor-element elementor-element-94826f5 e-flex e-con-boxed e-con e-parent\" data-id=\"94826f5\" data-element_type=\"container\" data-settings=\"{&quot;background_background&quot;:&quot;slideshow&quot;,&quot;background_slideshow_gallery&quot;:[{&quot;id&quot;:653,&quot;url&quot;:&quot;https:\\\/\\\/promo.zepter.rs\\\/zdravocista-voda\\\/wp-content\\\/uploads\\\/2024\\\/08\\\/edelwasser-1-1.png&quot;},{&quot;id&quot;:654,&quot;url&quot;:&quot;https:\\\/\\\/promo.zepter.rs\\\/zdravocista-voda\\\/wp-content\\\/uploads\\\/2024\\\/08\\\/edelwasser-1.png&quot;}],&quot;background_slideshow_ken_burns&quot;:&quot;yes&quot;,&quot;background_slideshow_loop&quot;:&quot;yes&quot;,&quot;background_slideshow_slide_duration&quot;:5000,&quot;background_slideshow_slide_transition&quot;:&quot;fade&quot;,&quot;background_slideshow_transition_duration&quot;:500,&quot;background_slideshow_ken_burns_zoom_direction&quot;:&quot;in&quot;}\">\n\t\t\t\t\t<div class=\"e-con-inner\">\n\t\t<div class=\"elementor-element elementor-element-2772efe e-con-full e-flex e-con e-child\" data-id=\"2772efe\" data-element_type=\"container\">\n\t\t\t\t<div class=\"elementor-element elementor-element-30f62ee elementor-widget elementor-widget-heading\" data-id=\"30f62ee\" data-element_type=\"widget\" data-widget_type=\"heading.default\">\n\t\t\t\t<div class=\"elementor-widget-container\">\n\t\t\t<h1 class=\"elementor-heading-title elementor-size-default\">Zdravo\u010dista voda dostupna svima<\/h1>\t\t<\/div>\n\t\t\t\t<\/div>\n\t\t\t\t<div class=\"elementor-element elementor-element-7869f0a elementor-widget elementor-widget-heading\" data-id=\"7869f0a\" data-element_type=\"widget\" data-widget_type=\"heading.default\">\n\t\t\t\t<div class=\"elementor-widget-container\">\n\t\t\t<h2 class=\"elementor-heading-title elementor-size-default\">\u010covek je 70% voda.<br>Donesite 100% dobru odluku!<\/h2>\t\t<\/div>\n\t\t\t\t<\/div>\n\t\t\t\t<\/div>\n\t\t<div class=\"elementor-element elementor-element-bac9b46 e-con-full e-flex e-con e-child\" data-id=\"bac9b46\" data-element_type=\"container\">\n\t\t\t\t<div class=\"elementor-element elementor-element-bb6a587 elementor-widget elementor-widget-spacer\" data-id=\"bb6a587\" data-element_type=\"widget\" data-widget_type=\"spacer.default\">\n\t\t\t\t<div class=\"elementor-widget-container\">\n\t\t\t\t\t<div class=\"elementor-spacer\">\n\t\t\t<div class=\"elementor-spacer-inner\"><\/div>\n\t\t<\/div>\n\t\t\t\t<\/div>\n\t\t\t\t<\/div>\n\t\t\t\t<\/div>\n\t\t\t\t\t<\/div>\n\t\t\t\t<\/div>\n\t\t<div class=\"elementor-element elementor-element-00a0e0b e-flex e-con-boxed e-con e-parent\" data-id=\"00a0e0b\" data-element_type=\"container\">\n\t\t\t\t\t<div class=\"e-con-inner\">\n\t\t\t\t<div class=\"elementor-element elementor-element-a033161 elementor-widget elementor-widget-text-editor\" data-id=\"a033161\" data-element_type=\"widget\" data-widget_type=\"text-editor.default\">\n\t\t\t\t<div class=\"elementor-widget-container\">\n\t\t\t\t\t\t\t<p>Prijavite se za <strong>besplatne konsultacije<\/strong> gde \u0107ete saznati koliko je zna\u010dajna <strong>zdravo\u010dista voda za celokupno zdravlje<\/strong>.<\/p><p>Na\u0161 stru\u010dni konsultant \u0107e vas pozvati da se dogovorite o terminu.<\/p>\t\t\t\t\t\t<\/div>\n\t\t\t\t<\/div>\n\t\t\t\t\t<\/div>\n\t\t\t\t<\/div>\n\t\t<div class=\"elementor-element elementor-element-829664c e-flex e-con-boxed e-con e-parent\" data-id=\"829664c\" data-element_type=\"container\">\n\t\t\t\t\t<div class=\"e-con-inner\">\n\t\t\t\t<div class=\"elementor-element elementor-element-32076bc elementor-widget elementor-widget-heading\" data-id=\"32076bc\" data-element_type=\"widget\" data-widget_type=\"heading.default\">\n\t\t\t\t<div class=\"elementor-widget-container\">\n\t\t\t<h2 class=\"elementor-heading-title elementor-size-default\">Popunite formular za besplatnu prezentaciju i konsultacije o zdravo\u010distoj vodi<\/h2>\t\t<\/div>\n\t\t\t\t<\/div>\n\t\t\t\t<div class=\"elementor-element elementor-element-a4a5639 elementor-button-align-stretch elementor-widget elementor-widget-form\" data-id=\"a4a5639\" data-element_type=\"widget\" data-settings=\"{&quot;step_next_label&quot;:&quot;\\u0421\\u043b\\u0435\\u0434\\u0435\\u045b\\u0438&quot;,&quot;step_previous_label&quot;:&quot;\\u041f\\u0440\\u0435\\u0442\\u0445\\u043e\\u0434\\u043d\\u0430&quot;,&quot;button_width&quot;:&quot;100&quot;,&quot;step_type&quot;:&quot;number_text&quot;,&quot;step_icon_shape&quot;:&quot;circle&quot;}\" data-widget_type=\"form.default\">\n\t\t\t\t<div class=\"elementor-widget-container\">\n\t\t\t\t\t<form class=\"elementor-form\" method=\"post\" name=\"zainteresovani\">\n\t\t\t<input type=\"hidden\" name=\"post_id\" value=\"22\"\/>\n\t\t\t<input type=\"hidden\" name=\"form_id\" value=\"a4a5639\"\/>\n\t\t\t<input type=\"hidden\" name=\"referer_title\" value=\"Po\u010detna - Zdravo\u010dista voda dostupna svima\" \/>\n\n\t\t\t\t\t\t\t<input type=\"hidden\" name=\"queried_id\" value=\"22\"\/>\n\t\t\t\n\t\t\t<div class=\"elementor-form-fields-wrapper elementor-labels-above\">\n\t\t\t\t\t\t\t\t<div class=\"elementor-field-type-text elementor-field-group elementor-column elementor-field-group-name elementor-col-100 elementor-field-required elementor-mark-required\">\n\t\t\t\t\t\t\t\t\t\t\t\t<label for=\"form-field-name\" class=\"elementor-field-label\">\n\t\t\t\t\t\t\t\tIme i prezime\t\t\t\t\t\t\t<\/label>\n\t\t\t\t\t\t\t\t\t\t\t\t\t\t<input size=\"1\" type=\"text\" name=\"form_fields[name]\" id=\"form-field-name\" class=\"elementor-field elementor-size-sm  elementor-field-textual\" required=\"required\" aria-required=\"true\">\n\t\t\t\t\t\t\t\t\t\t\t<\/div>\n\t\t\t\t\t\t\t\t<div class=\"elementor-field-type-email elementor-field-group elementor-column elementor-field-group-email elementor-col-50 elementor-field-required elementor-mark-required\">\n\t\t\t\t\t\t\t\t\t\t\t\t<label for=\"form-field-email\" class=\"elementor-field-label\">\n\t\t\t\t\t\t\t\tEmail\t\t\t\t\t\t\t<\/label>\n\t\t\t\t\t\t\t\t\t\t\t\t\t\t<input size=\"1\" type=\"email\" name=\"form_fields[email]\" id=\"form-field-email\" class=\"elementor-field elementor-size-sm  elementor-field-textual\" required=\"required\" aria-required=\"true\">\n\t\t\t\t\t\t\t\t\t\t\t<\/div>\n\t\t\t\t\t\t\t\t<div class=\"elementor-field-type-text elementor-field-group elementor-column elementor-field-group-field_cec721d elementor-col-50 elementor-field-required elementor-mark-required\">\n\t\t\t\t\t\t\t\t\t\t\t\t<label for=\"form-field-field_cec721d\" class=\"elementor-field-label\">\n\t\t\t\t\t\t\t\tTelefon\t\t\t\t\t\t\t<\/label>\n\t\t\t\t\t\t\t\t\t\t\t\t\t\t<input size=\"1\" type=\"text\" name=\"form_fields[field_cec721d]\" id=\"form-field-field_cec721d\" class=\"elementor-field elementor-size-sm  elementor-field-textual\" required=\"required\" aria-required=\"true\">\n\t\t\t\t\t\t\t\t\t\t\t<\/div>\n\t\t\t\t\t\t\t\t<div class=\"elementor-field-type-text elementor-field-group elementor-column elementor-field-group-field_ac7c292 elementor-col-100 elementor-field-required elementor-mark-required\">\n\t\t\t\t\t\t\t\t\t\t\t\t<label for=\"form-field-field_ac7c292\" class=\"elementor-field-label\">\n\t\t\t\t\t\t\t\tMesto\t\t\t\t\t\t\t<\/label>\n\t\t\t\t\t\t\t\t\t\t\t\t\t\t<input size=\"1\" type=\"text\" name=\"form_fields[field_ac7c292]\" id=\"form-field-field_ac7c292\" class=\"elementor-field elementor-size-sm  elementor-field-textual\" required=\"required\" aria-required=\"true\">\n\t\t\t\t\t\t\t\t\t\t\t<\/div>\n\t\t\t\t\t\t\t\t<div class=\"elementor-field-type-textarea elementor-field-group elementor-column elementor-field-group-message elementor-col-100\">\n\t\t\t\t\t\t\t\t\t\t\t\t<label for=\"form-field-message\" class=\"elementor-field-label\">\n\t\t\t\t\t\t\t\tPoruka\t\t\t\t\t\t\t<\/label>\n\t\t\t\t\t\t<textarea class=\"elementor-field-textual elementor-field  elementor-size-sm\" name=\"form_fields[message]\" id=\"form-field-message\" rows=\"4\"><\/textarea>\t\t\t\t<\/div>\n\t\t\t\t\t\t\t\t<div class=\"elementor-field-type-acceptance elementor-field-group elementor-column elementor-field-group-field_5fb9671 elementor-col-100 elementor-field-required elementor-mark-required\">\n\t\t\t\t\t\t\t<div class=\"elementor-field-subgroup\">\n\t\t\t<span class=\"elementor-field-option\">\n\t\t\t\t<input type=\"checkbox\" name=\"form_fields[field_5fb9671]\" id=\"form-field-field_5fb9671\" class=\"elementor-field elementor-size-sm  elementor-acceptance-field\" required=\"required\" aria-required=\"true\">\n\t\t\t\t<label for=\"form-field-field_5fb9671\">Pro\u010ditao\/la sam i  saglasan\/saglasna sa  <a href='https:\/\/promo.zepter.rs\/zdravocista-voda\/politika-privatnosti\/'target=\"_blank\">politikom privatnosti<\/a><\/label>\t\t\t<\/span>\n\t\t<\/div>\n\t\t\t\t\t\t<\/div>\n\t\t\t\t\t\t\t\t<div class=\"elementor-field-type-recaptcha_v3 elementor-field-group elementor-column elementor-field-group-field_025b470 elementor-col-100 recaptcha_v3-bottomright\">\n\t\t\t\t\t<div class=\"elementor-field\" id=\"form-field-field_025b470\"><div class=\"elementor-g-recaptcha\" data-sitekey=\"6Le8f08mAAAAAAjnmOZ2aJ_njQ7COUtvkxRJtIM7\" data-type=\"v3\" data-action=\"Form\" data-badge=\"bottomright\" data-size=\"invisible\"><\/div><\/div>\t\t\t\t<\/div>\n\t\t\t\t\t\t\t\t<div class=\"elementor-field-group elementor-column elementor-field-type-submit elementor-col-100 e-form__buttons\">\n\t\t\t\t\t<button class=\"elementor-button elementor-size-sm\" type=\"submit\">\n\t\t\t\t\t\t<span class=\"elementor-button-content-wrapper\">\n\t\t\t\t\t\t\t\t\t\t\t\t\t\t\t\t\t\t\t\t\t\t<span class=\"elementor-button-text\">Po\u0161alji zahtev<\/span>\n\t\t\t\t\t\t\t\t\t\t\t\t\t<\/span>\n\t\t\t\t\t<\/button>\n\t\t\t\t<\/div>\n\t\t\t<\/div>\n\t\t<\/form>\n\t\t\t\t<\/div>\n\t\t\t\t<\/div>\n\t\t\t\t<div class=\"elementor-element elementor-element-b1e88f7 elementor-hidden-desktop elementor-hidden-tablet elementor-hidden-mobile elementor-widget elementor-widget-text-editor\" data-id=\"b1e88f7\" data-element_type=\"widget\" data-widget_type=\"text-editor.default\">\n\t\t\t\t<div class=\"elementor-widget-container\">\n\t\t\t\t\t\t\t<p>Popunjavanjem forme smatramo da ste saglasni sa <strong><span style=\"color: #0000ff;\"><a style=\"color: #0000ff;\" href=\"https:\/\/promo.zepter.rs\/zdravocista-voda\/politika-privatnosti\/\" target=\"_blank\" rel=\"noopener\">politikom privatnosti.<\/a><\/span><\/strong><\/p>\t\t\t\t\t\t<\/div>\n\t\t\t\t<\/div>\n\t\t\t\t<div class=\"elementor-element elementor-element-372f692 elementor-widget elementor-widget-text-editor\" data-id=\"372f692\" data-element_type=\"widget\" data-widget_type=\"text-editor.default\">\n\t\t\t\t<div class=\"elementor-widget-container\">\n\t\t\t\t\t\t\t<p>Za sve dodatne informacije i podr\u0161ku, kontaktirajte nas na <a href=\"tel:+381113113233\">011\/311-3233<\/a>, <a href=\"tel:0800234567\">0800 234567<\/a> ili putem emaila: <a href=\"mailto:customersupport@zepter.rs\">customersupport@zepter.rs<\/a><\/p>\t\t\t\t\t\t<\/div>\n\t\t\t\t<\/div>\n\t\t<div class=\"elementor-element elementor-element-acfd8f1 e-flex e-con-boxed e-con e-child\" data-id=\"acfd8f1\" data-element_type=\"container\">\n\t\t\t\t\t<div class=\"e-con-inner\">\n\t\t\t\t\t<\/div>\n\t\t\t\t<\/div>\n\t\t\t\t\t<\/div>\n\t\t\t\t<\/div>\n\t\t<div class=\"elementor-element elementor-element-0fcc50c e-grid e-con-boxed e-con e-parent\" data-id=\"0fcc50c\" data-element_type=\"container\">\n\t\t\t\t\t<div class=\"e-con-inner\">\n\t\t\t\t<div class=\"elementor-element elementor-element-cc58248 elementor-widget elementor-widget-image\" data-id=\"cc58248\" data-element_type=\"widget\" data-widget_type=\"image.default\">\n\t\t\t\t<div class=\"elementor-widget-container\">\n\t\t\t\t\t\t\t\t\t\t\t\t\t<img fetchpriority=\"high\" decoding=\"async\" width=\"539\" height=\"715\" src=\"https:\/\/promo.zepter.rs\/zdravocista-voda\/wp-content\/uploads\/2024\/09\/voda-bezbedna-e1725267115579.jpg\" class=\"attachment-medium_large size-medium_large wp-image-668\" alt=\"\" srcset=\"https:\/\/promo.zepter.rs\/zdravocista-voda\/wp-content\/uploads\/2024\/09\/voda-bezbedna-e1725267115579.jpg 539w, https:\/\/promo.zepter.rs\/zdravocista-voda\/wp-content\/uploads\/2024\/09\/voda-bezbedna-e1725267115579-226x300.jpg 226w\" sizes=\"(max-width: 539px) 100vw, 539px\" \/>\t\t\t\t\t\t\t\t\t\t\t\t\t<\/div>\n\t\t\t\t<\/div>\n\t\t\t\t<div class=\"elementor-element elementor-element-4ae2e2f elementor-widget elementor-widget-text-editor\" data-id=\"4ae2e2f\" data-element_type=\"widget\" data-widget_type=\"text-editor.default\">\n\t\t\t\t<div class=\"elementor-widget-container\">\n\t\t\t\t\t\t\t<h4 style=\"font-weight:bold;margin-top:-5px;color:#000000;\"><a href=\"https:\/\/www.zepter.rs\/purified-water\/water-purifying-systems\/articles\/water\" target=\"_blank\" rel=\"noopener\">KAKVU VODU PIJETE?<br>\nBEZBEDNA? UGLAVNOM NIJE.<\/a><\/h4>\n\n<p><\/p>\n\n<p>Voda iz gradskog vodovoda pre\u010di\u0161\u0107ava se dodavanjem dezinfekcionih sredstava, kao \u0161to su hloridi i ostale hemikalije, koje na kraju dospevaju u na\u0161 organizam: arsen, olovo, kadmijum, fluorid ili bakterije, fermentiraju\u0107e supstance i virusi.<\/p>\n\n<p><a href=\"https:\/\/www.zepter.rs\/purified-water\/water-purifying-systems\/articles\/water\" target=\"_blank\" rel=\"noopener\">Vi\u0161e informacija<\/a><\/p>\t\t\t\t\t\t<\/div>\n\t\t\t\t<\/div>\n\t\t\t\t\t<\/div>\n\t\t\t\t<\/div>\n\t\t\t\t<\/div>\n\t\t","protected":false},"excerpt":{"rendered":"<p>Zdravo\u010dista voda dostupna svima \u010covek je 70% voda.Donesite 100% dobru odluku! Prijavite se za besplatne konsultacije gde \u0107ete saznati koliko je zna\u010dajna zdravo\u010dista voda za celokupno zdravlje. Na\u0161 stru\u010dni konsultant \u0107e vas pozvati da se dogovorite o terminu. Popunite formular za besplatnu prezentaciju i konsultacije o zdravo\u010distoj vodi Popunjavanjem forme smatramo da ste saglasni sa politikom privatnosti. Za sve dodatne informacije i podr\u0161ku, kontaktirajte nas na 011\/311-3233, 0800 234567 ili putem emaila: customersupport@zepter.rs KAKVU VODU PIJETE? BEZBEDNA? UGLAVNOM NIJE. Voda iz gradskog vodovoda pre\u010di\u0161\u0107ava se dodavanjem dezinfekcionih sredstava, kao \u0161to su hloridi i ostale hemikalije, koje na kraju dospevaju u [&hellip;]<\/p>\n","protected":false},"author":4,"featured_media":0,"parent":0,"menu_order":0,"comment_status":"closed","ping_status":"closed","template":"","meta":{"inline_featured_image":false,"footnotes":""},"class_list":["post-22","page","type-page","status-publish","hentry"],"acf":[],"_links":{"self":[{"href":"https:\/\/promo.zepter.rs\/zdravocista-voda\/wp-json\/wp\/v2\/pages\/22","targetHints":{"allow":["GET"]}}],"collection":[{"href":"https:\/\/promo.zepter.rs\/zdravocista-voda\/wp-json\/wp\/v2\/pages"}],"about":[{"href":"https:\/\/promo.zepter.rs\/zdravocista-voda\/wp-json\/wp\/v2\/types\/page"}],"author":[{"embeddable":true,"href":"https:\/\/promo.zepter.rs\/zdravocista-voda\/wp-json\/wp\/v2\/users\/4"}],"replies":[{"embeddable":true,"href":"https:\/\/promo.zepter.rs\/zdravocista-voda\/wp-json\/wp\/v2\/comments?post=22"}],"version-history":[{"count":263,"href":"https:\/\/promo.zepter.rs\/zdravocista-voda\/wp-json\/wp\/v2\/pages\/22\/revisions"}],"predecessor-version":[{"id":786,"href":"https:\/\/promo.zepter.rs\/zdravocista-voda\/wp-json\/wp\/v2\/pages\/22\/revisions\/786"}],"wp:attachment":[{"href":"https:\/\/promo.zepter.rs\/zdravocista-voda\/wp-json\/wp\/v2\/media?parent=22"}],"curies":[{"name":"wp","href":"https:\/\/api.w.org\/{rel}","templated":true}]}}