{"id":22,"date":"2023-05-29T13:20:23","date_gmt":"2023-05-29T11:20:23","guid":{"rendered":"https:\/\/promo.zepter.rs\/dani-zdravlja\/?page_id=22"},"modified":"2026-03-20T21:19:18","modified_gmt":"2026-03-20T20:19:18","slug":"pocetna","status":"publish","type":"page","link":"https:\/\/promo.zepter.rs\/dani-zdravlja\/","title":{"rendered":"Po\u010detna"},"content":{"rendered":"\t\t<div data-elementor-type=\"wp-page\" data-elementor-id=\"22\" class=\"elementor elementor-22\" data-elementor-post-type=\"page\">\n\t\t\t\t<div data-dce-background-color=\"#1652C9\" data-dce-background-overlay-color=\"#1652C900\" class=\"elementor-element elementor-element-94826f5 e-flex e-con-boxed e-con e-parent\" data-id=\"94826f5\" data-element_type=\"container\" data-settings=\"{&quot;background_background&quot;:&quot;slideshow&quot;,&quot;background_slideshow_gallery&quot;:[{&quot;id&quot;:248,&quot;url&quot;:&quot;https:\\\/\\\/promo.zepter.rs\\\/dani-zdravlja\\\/wp-content\\\/uploads\\\/2023\\\/05\\\/bioptron1-scaled.jpg&quot;},{&quot;id&quot;:249,&quot;url&quot;:&quot;https:\\\/\\\/promo.zepter.rs\\\/dani-zdravlja\\\/wp-content\\\/uploads\\\/2023\\\/05\\\/bioptron2-scaled.jpg&quot;},{&quot;id&quot;:250,&quot;url&quot;:&quot;https:\\\/\\\/promo.zepter.rs\\\/dani-zdravlja\\\/wp-content\\\/uploads\\\/2023\\\/05\\\/bioptron3-scaled.jpg&quot;},{&quot;id&quot;:251,&quot;url&quot;:&quot;https:\\\/\\\/promo.zepter.rs\\\/dani-zdravlja\\\/wp-content\\\/uploads\\\/2023\\\/05\\\/bioptron4-scaled.jpg&quot;}],&quot;background_slideshow_ken_burns&quot;:&quot;yes&quot;,&quot;background_slideshow_loop&quot;:&quot;yes&quot;,&quot;background_slideshow_slide_duration&quot;:5000,&quot;background_slideshow_slide_transition&quot;:&quot;fade&quot;,&quot;background_slideshow_transition_duration&quot;:500,&quot;background_slideshow_ken_burns_zoom_direction&quot;:&quot;in&quot;}\">\n\t\t\t\t\t<div class=\"e-con-inner\">\n\t\t<div class=\"elementor-element elementor-element-2772efe e-con-full e-flex e-con e-child\" data-id=\"2772efe\" data-element_type=\"container\">\n\t\t\t\t<div class=\"elementor-element elementor-element-30f62ee elementor-widget elementor-widget-heading\" data-id=\"30f62ee\" data-element_type=\"widget\" data-widget_type=\"heading.default\">\n\t\t\t\t<div class=\"elementor-widget-container\">\n\t\t\t<h1 class=\"elementor-heading-title elementor-size-default\">ZEPTER DANI ZDRAVLJA<\/h1>\t\t<\/div>\n\t\t\t\t<\/div>\n\t\t\t\t<div class=\"elementor-element elementor-element-7869f0a elementor-widget elementor-widget-heading\" data-id=\"7869f0a\" data-element_type=\"widget\" data-widget_type=\"heading.default\">\n\t\t\t\t<div class=\"elementor-widget-container\">\n\t\t\t<h2 class=\"elementor-heading-title elementor-size-default\">UNAPREDITE SVOJE ZDRAVLJE UZ BIOPTRON HIPERSVETLOSNU TERAPIJU<\/h2>\t\t<\/div>\n\t\t\t\t<\/div>\n\t\t\t\t<\/div>\n\t\t<div class=\"elementor-element elementor-element-bac9b46 e-con-full e-flex e-con e-child\" data-id=\"bac9b46\" data-element_type=\"container\">\n\t\t\t\t<div class=\"elementor-element elementor-element-bb6a587 elementor-widget elementor-widget-spacer\" data-id=\"bb6a587\" data-element_type=\"widget\" data-widget_type=\"spacer.default\">\n\t\t\t\t<div class=\"elementor-widget-container\">\n\t\t\t\t\t<div class=\"elementor-spacer\">\n\t\t\t<div class=\"elementor-spacer-inner\"><\/div>\n\t\t<\/div>\n\t\t\t\t<\/div>\n\t\t\t\t<\/div>\n\t\t\t\t<\/div>\n\t\t\t\t\t<\/div>\n\t\t\t\t<\/div>\n\t\t<div class=\"elementor-element elementor-element-00a0e0b e-flex e-con-boxed e-con e-parent\" data-id=\"00a0e0b\" data-element_type=\"container\">\n\t\t\t\t\t<div class=\"e-con-inner\">\n\t\t\t\t<div class=\"elementor-element elementor-element-a033161 elementor-widget elementor-widget-text-editor\" data-id=\"a033161\" data-element_type=\"widget\" data-widget_type=\"text-editor.default\">\n\t\t\t\t<div class=\"elementor-widget-container\">\n\t\t\t\t\t\t\t<p><strong>Pozivamo vas na besplatno savetovanje i edukativnu prezentaciju o koristima primene Bioptron-a i hipersvetlosne terapije<\/strong>.<\/p><p><strong>Specijalno iznena\u0111enje za sve prisutne &#8211; <\/strong>ZepterClub kartica koja vam omogucava<strong> 3 besplatna tretmana Bioptronom!<\/strong><\/p>\t\t\t\t\t\t<\/div>\n\t\t\t\t<\/div>\n\t\t\t\t\t<\/div>\n\t\t\t\t<\/div>\n\t\t<div class=\"elementor-element elementor-element-6517253 e-flex e-con-boxed e-con e-parent\" data-id=\"6517253\" data-element_type=\"container\" data-hide=\"true\">\n\t\t\t\t\t<div class=\"e-con-inner\">\n\t\t\t\t<div class=\"elementor-element elementor-element-6a0412e elementor-widget elementor-widget-heading\" data-id=\"6a0412e\" data-element_type=\"widget\" data-widget_type=\"heading.default\">\n\t\t\t\t<div class=\"elementor-widget-container\">\n\t\t\t<h2 class=\"elementor-heading-title elementor-size-default\">Termini predstoje\u0107ih doga\u0111aja<\/h2>\t\t<\/div>\n\t\t\t\t<\/div>\n\t\t<div class=\"elementor-element elementor-element-cd55b63 e-con-full e-flex e-con e-child\" data-id=\"cd55b63\" data-element_type=\"container\">\n\t\t\t\t<div class=\"elementor-element elementor-element-c9f4a62 elementor-widget elementor-widget-text-editor\" data-id=\"c9f4a62\" data-element_type=\"widget\" data-widget_type=\"text-editor.default\">\n\t\t\t\t<div class=\"elementor-widget-container\">\n\t\t\t\t\t\t\t<p>\u00a0<\/p><table style=\"width: 100%; height: auto;\"><tbody><tr><td>01.04.2026<\/td><td>11:00-18:00<\/td><td>Beograd<\/td><\/tr><tr><td>03.04.2026<\/td><td>11:00-18:00<\/td><td>Beograd<\/td><\/tr><tr><td>08.04.2026<\/td><td>11:00-18:00<\/td><td>Beograd<\/td><\/tr><tr><td>10.04.2026<\/td><td>11:00-18:00<\/td><td>Beograd<\/td><\/tr><tr><td>15.04.2026<\/td><td>11:00-18:00<\/td><td>Beograd<\/td><\/tr><tr><td>17.04.2026<\/td><td>11:00-18:00<\/td><td>Beograd<\/td><\/tr><\/tbody><\/table>\t\t\t\t\t\t<\/div>\n\t\t\t\t<\/div>\n\t\t\t\t<\/div>\n\t\t\t\t\t<\/div>\n\t\t\t\t<\/div>\n\t\t<div class=\"elementor-element elementor-element-829664c e-flex e-con-boxed e-con e-parent\" data-id=\"829664c\" data-element_type=\"container\">\n\t\t\t\t\t<div class=\"e-con-inner\">\n\t\t\t\t<div class=\"elementor-element elementor-element-32076bc elementor-widget elementor-widget-heading\" data-id=\"32076bc\" data-element_type=\"widget\" data-widget_type=\"heading.default\">\n\t\t\t\t<div class=\"elementor-widget-container\">\n\t\t\t<h2 class=\"elementor-heading-title elementor-size-default\">Ukoliko ste zainteresovani da besplatno prisustvujete na Medical Days, molimo Vas da popunite formular<\/h2>\t\t<\/div>\n\t\t\t\t<\/div>\n\t\t\t\t<div class=\"elementor-element elementor-element-a4a5639 elementor-button-align-stretch elementor-widget elementor-widget-form\" data-id=\"a4a5639\" data-element_type=\"widget\" data-settings=\"{&quot;step_next_label&quot;:&quot;\\u0421\\u043b\\u0435\\u0434\\u0435\\u045b\\u0438&quot;,&quot;step_previous_label&quot;:&quot;\\u041f\\u0440\\u0435\\u0442\\u0445\\u043e\\u0434\\u043d\\u0430&quot;,&quot;button_width&quot;:&quot;100&quot;,&quot;step_type&quot;:&quot;number_text&quot;,&quot;step_icon_shape&quot;:&quot;circle&quot;}\" data-widget_type=\"form.default\">\n\t\t\t\t<div class=\"elementor-widget-container\">\n\t\t\t\t\t<form class=\"elementor-form\" method=\"post\" name=\"zainteresovani\">\n\t\t\t<input type=\"hidden\" name=\"post_id\" value=\"22\"\/>\n\t\t\t<input type=\"hidden\" name=\"form_id\" value=\"a4a5639\"\/>\n\t\t\t<input type=\"hidden\" name=\"referer_title\" value=\"\" \/>\n\n\t\t\t\n\t\t\t<div class=\"elementor-form-fields-wrapper elementor-labels-above\">\n\t\t\t\t\t\t\t\t<div class=\"elementor-field-type-text elementor-field-group elementor-column elementor-field-group-name elementor-col-100 elementor-field-required elementor-mark-required\">\n\t\t\t\t\t\t\t\t\t\t\t\t<label for=\"form-field-name\" class=\"elementor-field-label\">\n\t\t\t\t\t\t\t\tIme i prezime\t\t\t\t\t\t\t<\/label>\n\t\t\t\t\t\t\t\t\t\t\t\t\t\t<input size=\"1\" type=\"text\" name=\"form_fields[name]\" id=\"form-field-name\" class=\"elementor-field elementor-size-sm  elementor-field-textual\" required=\"required\" aria-required=\"true\">\n\t\t\t\t\t\t\t\t\t\t\t<\/div>\n\t\t\t\t\t\t\t\t<div class=\"elementor-field-type-email elementor-field-group elementor-column elementor-field-group-email elementor-col-50 elementor-field-required elementor-mark-required\">\n\t\t\t\t\t\t\t\t\t\t\t\t<label for=\"form-field-email\" class=\"elementor-field-label\">\n\t\t\t\t\t\t\t\tEmail\t\t\t\t\t\t\t<\/label>\n\t\t\t\t\t\t\t\t\t\t\t\t\t\t<input size=\"1\" type=\"email\" name=\"form_fields[email]\" id=\"form-field-email\" class=\"elementor-field elementor-size-sm  elementor-field-textual\" required=\"required\" aria-required=\"true\">\n\t\t\t\t\t\t\t\t\t\t\t<\/div>\n\t\t\t\t\t\t\t\t<div class=\"elementor-field-type-text elementor-field-group elementor-column elementor-field-group-field_cec721d elementor-col-50 elementor-field-required elementor-mark-required\">\n\t\t\t\t\t\t\t\t\t\t\t\t<label for=\"form-field-field_cec721d\" class=\"elementor-field-label\">\n\t\t\t\t\t\t\t\tTelefon\t\t\t\t\t\t\t<\/label>\n\t\t\t\t\t\t\t\t\t\t\t\t\t\t<input size=\"1\" type=\"text\" name=\"form_fields[field_cec721d]\" id=\"form-field-field_cec721d\" class=\"elementor-field elementor-size-sm  elementor-field-textual\" required=\"required\" aria-required=\"true\">\n\t\t\t\t\t\t\t\t\t\t\t<\/div>\n\t\t\t\t\t\t\t\t<div class=\"elementor-field-type-text elementor-field-group elementor-column elementor-field-group-field_ac7c292 elementor-col-100 elementor-field-required elementor-mark-required\">\n\t\t\t\t\t\t\t\t\t\t\t\t<label for=\"form-field-field_ac7c292\" class=\"elementor-field-label\">\n\t\t\t\t\t\t\t\tMesto\t\t\t\t\t\t\t<\/label>\n\t\t\t\t\t\t\t\t\t\t\t\t\t\t<input size=\"1\" type=\"text\" name=\"form_fields[field_ac7c292]\" id=\"form-field-field_ac7c292\" class=\"elementor-field elementor-size-sm  elementor-field-textual\" required=\"required\" aria-required=\"true\">\n\t\t\t\t\t\t\t\t\t\t\t<\/div>\n\t\t\t\t\t\t\t\t<div class=\"elementor-field-type-textarea elementor-field-group elementor-column elementor-field-group-message elementor-col-100\">\n\t\t\t\t\t\t\t\t\t\t\t\t<label for=\"form-field-message\" class=\"elementor-field-label\">\n\t\t\t\t\t\t\t\tPoruka\t\t\t\t\t\t\t<\/label>\n\t\t\t\t\t\t<textarea class=\"elementor-field-textual elementor-field  elementor-size-sm\" name=\"form_fields[message]\" id=\"form-field-message\" rows=\"4\"><\/textarea>\t\t\t\t<\/div>\n\t\t\t\t\t\t\t\t<div class=\"elementor-field-type-acceptance elementor-field-group elementor-column elementor-field-group-field_5fb9671 elementor-col-100 elementor-field-required elementor-mark-required\">\n\t\t\t\t\t\t\t<div class=\"elementor-field-subgroup\">\n\t\t\t<span class=\"elementor-field-option\">\n\t\t\t\t<input type=\"checkbox\" name=\"form_fields[field_5fb9671]\" id=\"form-field-field_5fb9671\" class=\"elementor-field elementor-size-sm  elementor-acceptance-field\" required=\"required\" aria-required=\"true\">\n\t\t\t\t<label for=\"form-field-field_5fb9671\">Pro\u010ditao\/la sam i  saglasan\/saglasna sa  <a href='https:\/\/promo.zepter.rs\/dani-zdravlja\/politika-privatnosti\/'target=\"_blank\">politikom privatnosti<\/a><\/label>\t\t\t<\/span>\n\t\t<\/div>\n\t\t\t\t\t\t<\/div>\n\t\t\t\t\t\t\t\t<div class=\"elementor-field-type-recaptcha_v3 elementor-field-group elementor-column elementor-field-group-field_025b470 elementor-col-100 recaptcha_v3-bottomright\">\n\t\t\t\t\t<div class=\"elementor-field\" id=\"form-field-field_025b470\"><div class=\"elementor-g-recaptcha\" data-sitekey=\"6Le8f08mAAAAAAjnmOZ2aJ_njQ7COUtvkxRJtIM7\" data-type=\"v3\" data-action=\"Form\" data-badge=\"bottomright\" data-size=\"invisible\"><\/div><\/div>\t\t\t\t<\/div>\n\t\t\t\t\t\t\t\t<div class=\"elementor-field-group elementor-column elementor-field-type-submit elementor-col-100 e-form__buttons\">\n\t\t\t\t\t<button class=\"elementor-button elementor-size-sm\" type=\"submit\">\n\t\t\t\t\t\t<span class=\"elementor-button-content-wrapper\">\n\t\t\t\t\t\t\t\t\t\t\t\t\t\t\t\t\t\t\t\t\t\t<span class=\"elementor-button-text\">Po\u0161alji zahtev<\/span>\n\t\t\t\t\t\t\t\t\t\t\t\t\t<\/span>\n\t\t\t\t\t<\/button>\n\t\t\t\t<\/div>\n\t\t\t<\/div>\n\t\t<\/form>\n\t\t\t\t<\/div>\n\t\t\t\t<\/div>\n\t\t\t\t<div class=\"elementor-element elementor-element-372f692 elementor-widget elementor-widget-text-editor\" data-id=\"372f692\" data-element_type=\"widget\" data-widget_type=\"text-editor.default\">\n\t\t\t\t<div class=\"elementor-widget-container\">\n\t\t\t\t\t\t\t<div class=\"text-base my-auto mx-auto [--thread-content-margin:var(--thread-content-margin-xs,calc(var(--spacing)*4))] @w-sm\/main:[--thread-content-margin:var(--thread-content-margin-sm,calc(var(--spacing)*6))] @w-lg\/main:[--thread-content-margin:var(--thread-content-margin-lg,calc(var(--spacing)*16))] px-(--thread-content-margin)\"><div class=\"[--thread-content-max-width:40rem] @w-lg\/main:[--thread-content-max-width:48rem] mx-auto max-w-(--thread-content-max-width) flex-1 group\/turn-messages focus-visible:outline-hidden relative flex w-full min-w-0 flex-col agent-turn\" tabindex=\"-1\"><div class=\"flex max-w-full flex-col gap-4 grow\"><div class=\"min-h-8 text-message relative flex w-full flex-col items-end gap-2 text-start break-words whitespace-normal [.text-message+&amp;]:mt-1\" dir=\"auto\" data-message-author-role=\"assistant\" data-message-id=\"ea2e9d9d-7d8a-41f3-9d2c-cc96183b7324\" data-message-model-slug=\"gpt-5-3\"><div class=\"flex w-full flex-col gap-1 empty:hidden\"><div class=\"markdown prose dark:prose-invert w-full wrap-break-word light markdown-new-styling\"><p data-start=\"0\" data-end=\"188\" data-is-last-node=\"\" data-is-only-node=\"\">Ukoliko niste u mogu\u0107nosti da prisustvujete prezentacijama u Beogradu, a tema vas zanima, popunite formular i bi\u0107ete kontaktirani radi dogovora o terminu prezentacije u va\u0161em mestu ili online.<\/p><\/div><\/div><\/div><\/div><\/div><\/div>\t\t\t\t\t\t<\/div>\n\t\t\t\t<\/div>\n\t\t\t\t<div class=\"elementor-element elementor-element-52ca518 elementor-widget elementor-widget-text-editor\" data-id=\"52ca518\" data-element_type=\"widget\" data-widget_type=\"text-editor.default\">\n\t\t\t\t<div class=\"elementor-widget-container\">\n\t\t\t\t\t\t\t<p>Za sve dodatne informacije i podr\u0161ku, kontaktirajte nas na <a href=\"tel:+381113113233\">011\/311-3233<\/a>, <a href=\"tel:0800234567\">0800 234567<\/a> ili putem emaila: <a href=\"mailto:customersupport@zepter.rs\">customersupport@zepter.rs<\/a><\/p>\t\t\t\t\t\t<\/div>\n\t\t\t\t<\/div>\n\t\t<div class=\"elementor-element elementor-element-acfd8f1 e-flex e-con-boxed e-con e-child\" data-id=\"acfd8f1\" data-element_type=\"container\">\n\t\t\t\t\t<div class=\"e-con-inner\">\n\t\t\t\t\t<\/div>\n\t\t\t\t<\/div>\n\t\t\t\t\t<\/div>\n\t\t\t\t<\/div>\n\t\t<div class=\"elementor-element elementor-element-6eb12fa e-flex e-con-boxed e-con e-parent\" data-id=\"6eb12fa\" data-element_type=\"container\">\n\t\t\t\t\t<div class=\"e-con-inner\">\n\t\t\t\t<div class=\"elementor-element elementor-element-31cc63a elementor-widget elementor-widget-heading\" data-id=\"31cc63a\" data-element_type=\"widget\" data-widget_type=\"heading.default\">\n\t\t\t\t<div class=\"elementor-widget-container\">\n\t\t\t<h2 class=\"elementor-heading-title elementor-size-default\">Blog<\/h2>\t\t<\/div>\n\t\t\t\t<\/div>\n\t\t\t\t\t<\/div>\n\t\t\t\t<\/div>\n\t\t<div class=\"elementor-element elementor-element-1006470 e-flex e-con-boxed e-con e-parent\" data-id=\"1006470\" data-element_type=\"container\">\n\t\t\t\t\t<div class=\"e-con-inner\">\n\t\t<div class=\"elementor-element elementor-element-a78a83a e-con-full e-flex e-con e-child\" data-id=\"a78a83a\" data-element_type=\"container\">\n\t\t\t\t<div class=\"elementor-element elementor-element-cab1fc4 elementor-widget elementor-widget-image\" data-id=\"cab1fc4\" data-element_type=\"widget\" data-widget_type=\"image.default\">\n\t\t\t\t<div class=\"elementor-widget-container\">\n\t\t\t\t\t\t\t\t\t\t\t\t\t\t<a href=\"https:\/\/www.zepter.rs\/blogs\/lepota-i-zdravlje\/bioptron-svetlost-koja-leci-oporavlja-i-cuva\" target=\"_blank\" rel=\"noopener\">\n\t\t\t\t\t\t\t<img fetchpriority=\"high\" decoding=\"async\" width=\"800\" height=\"534\" src=\"https:\/\/promo.zepter.rs\/dani-zdravlja\/wp-content\/uploads\/2023\/06\/bioptron_1380x920_blog-1024x683.jpg\" class=\"attachment-large size-large wp-image-397\" alt=\"\" srcset=\"https:\/\/promo.zepter.rs\/dani-zdravlja\/wp-content\/uploads\/2023\/06\/bioptron_1380x920_blog-1024x683.jpg 1024w, https:\/\/promo.zepter.rs\/dani-zdravlja\/wp-content\/uploads\/2023\/06\/bioptron_1380x920_blog-300x200.jpg 300w, https:\/\/promo.zepter.rs\/dani-zdravlja\/wp-content\/uploads\/2023\/06\/bioptron_1380x920_blog-768x512.jpg 768w, https:\/\/promo.zepter.rs\/dani-zdravlja\/wp-content\/uploads\/2023\/06\/bioptron_1380x920_blog.jpg 1380w\" sizes=\"(max-width: 800px) 100vw, 800px\" \/>\t\t\t\t\t\t\t\t<\/a>\n\t\t\t\t\t\t\t\t\t\t\t\t\t<\/div>\n\t\t\t\t<\/div>\n\t\t\t\t<\/div>\n\t\t<div class=\"elementor-element elementor-element-1d6df1e e-con-full e-flex e-con e-child\" data-id=\"1d6df1e\" data-element_type=\"container\">\n\t\t\t\t<div class=\"elementor-element elementor-element-b9cbbe2 elementor-widget elementor-widget-heading\" data-id=\"b9cbbe2\" data-element_type=\"widget\" data-widget_type=\"heading.default\">\n\t\t\t\t<div class=\"elementor-widget-container\">\n\t\t\t<h2 class=\"elementor-heading-title elementor-size-default\"><a href=\"https:\/\/www.zepter.rs\/blogs\/lepota-i-zdravlje\/bioptron-svetlost-koja-leci-oporavlja-i-cuva\" target=\"_blank\" rel=\"noopener\">BIOPTRON - SVETLOST KOJA LE\u010cI, OPORAVLJA I \u010cUVA<\/a><\/h2>\t\t<\/div>\n\t\t\t\t<\/div>\n\t\t\t\t<div class=\"elementor-element elementor-element-06af6be elementor-widget elementor-widget-text-editor\" data-id=\"06af6be\" data-element_type=\"widget\" data-widget_type=\"text-editor.default\">\n\t\t\t\t<div class=\"elementor-widget-container\">\n\t\t\t\t\t\t\t<p>\u0160irom sveta vi\u0161e od tri miliona porodica i hiljade medicinskih ustanova koristi Zepter BIOPTRON aparate za svetlosnu terapiju, prevenciju i le\u010denje brojnih zdravstvenih problema.<\/p><p><a href=\"https:\/\/www.zepter.rs\/blogs\/lepota-i-zdravlje\/bioptron-svetlost-koja-leci-oporavlja-i-cuva\" target=\"_blank\" rel=\"noopener\">Vi\u0161e informacija<\/a><\/p>\t\t\t\t\t\t<\/div>\n\t\t\t\t<\/div>\n\t\t\t\t<\/div>\n\t\t\t\t\t<\/div>\n\t\t\t\t<\/div>\n\t\t\t\t<\/div>\n\t\t","protected":false},"excerpt":{"rendered":"<p>ZEPTER DANI ZDRAVLJA UNAPREDITE SVOJE ZDRAVLJE UZ BIOPTRON HIPERSVETLOSNU TERAPIJU Pozivamo vas na besplatno savetovanje i edukativnu prezentaciju o koristima primene Bioptron-a i hipersvetlosne terapije. Specijalno iznena\u0111enje za sve prisutne &#8211; ZepterClub kartica koja vam omogucava 3 besplatna tretmana Bioptronom! Termini predstoje\u0107ih doga\u0111aja \u00a0 01.04.2026 11:00-18:00 Beograd 03.04.2026 11:00-18:00 Beograd 08.04.2026 11:00-18:00 Beograd 10.04.2026 11:00-18:00 Beograd 15.04.2026 11:00-18:00 Beograd 17.04.2026 11:00-18:00 Beograd Ukoliko ste zainteresovani da besplatno prisustvujete na Medical Days, molimo Vas da popunite formular Ukoliko niste u mogu\u0107nosti da prisustvujete prezentacijama u Beogradu, a tema vas zanima, popunite formular i bi\u0107ete kontaktirani radi dogovora o terminu prezentacije u [&hellip;]<\/p>\n","protected":false},"author":4,"featured_media":0,"parent":0,"menu_order":0,"comment_status":"closed","ping_status":"closed","template":"","meta":{"inline_featured_image":false,"footnotes":""},"class_list":["post-22","page","type-page","status-publish","hentry"],"_links":{"self":[{"href":"https:\/\/promo.zepter.rs\/dani-zdravlja\/wp-json\/wp\/v2\/pages\/22","targetHints":{"allow":["GET"]}}],"collection":[{"href":"https:\/\/promo.zepter.rs\/dani-zdravlja\/wp-json\/wp\/v2\/pages"}],"about":[{"href":"https:\/\/promo.zepter.rs\/dani-zdravlja\/wp-json\/wp\/v2\/types\/page"}],"author":[{"embeddable":true,"href":"https:\/\/promo.zepter.rs\/dani-zdravlja\/wp-json\/wp\/v2\/users\/4"}],"replies":[{"embeddable":true,"href":"https:\/\/promo.zepter.rs\/dani-zdravlja\/wp-json\/wp\/v2\/comments?post=22"}],"version-history":[{"count":331,"href":"https:\/\/promo.zepter.rs\/dani-zdravlja\/wp-json\/wp\/v2\/pages\/22\/revisions"}],"predecessor-version":[{"id":831,"href":"https:\/\/promo.zepter.rs\/dani-zdravlja\/wp-json\/wp\/v2\/pages\/22\/revisions\/831"}],"wp:attachment":[{"href":"https:\/\/promo.zepter.rs\/dani-zdravlja\/wp-json\/wp\/v2\/media?parent=22"}],"curies":[{"name":"wp","href":"https:\/\/api.w.org\/{rel}","templated":true}]}}